{"id":32706,"date":"2013-10-16T12:05:38","date_gmt":"2013-10-16T12:05:38","guid":{"rendered":"https:\/\/air-pannonia.hr\/kontakt\/?lang=en"},"modified":"2024-10-18T15:56:44","modified_gmt":"2024-10-18T13:56:44","slug":"contact","status":"publish","type":"page","link":"https:\/\/air-pannonia.hr\/en\/contact\/","title":{"rendered":"Contact"},"content":{"rendered":"<div class=\"wpb-content-wrapper\"><p>[vc_row row_type=&#8221;row&#8221; use_row_as_full_screen_section=&#8221;no&#8221; type=&#8221;full_width&#8221; angled_section=&#8221;no&#8221; text_align=&#8221;left&#8221; background_image_as_pattern=&#8221;without_pattern&#8221;][vc_column width=&#8221;2\/6&#8243;][vc_column_text woodmart_inline=&#8221;no&#8221; text_larger=&#8221;no&#8221;]<\/p>\n<h4><strong>AIR PANNONIA D.O.O<\/strong><\/h4>\n<p><span style=\"color: #a18f74; font-weight: bold;\">Ulica Jablanova 21<br \/>\n31000 Osijek<br \/>\nOIB: 82047274303<\/span><br \/>\nID number: 2113007<br \/>\nDirector: Jasna Vla\u0161i\u0107<br \/>\nBank: ERSTE&amp;STEIERMARKISCHE BANK D.D<br \/>\nIBAN: HR7124020061101006271<br \/>\nSWIFT: ESBCHR22<\/p>\n<p>[\/vc_column_text][vc_row_inner][vc_column_inner]\t\t\t<link rel=\"stylesheet\" id=\"wd-social-icons-css\" href=\"https:\/\/air-pannonia.hr\/wp-content\/themes\/woodmart\/css\/parts\/el-social-icons.min.css?ver=7.5.1\" type=\"text\/css\" media=\"all\" \/> \t\t\t\n\t\t\t<div class=\" wd-rs-671269125b69f wd-social-icons  icons-design-default icons-size-default color-scheme-dark social-follow social-form-circle text-left\">\n\n\t\t\t\t\n\t\t\t\t\t\t\t\t\t<a rel=\"noopener noreferrer nofollow\" href=\"https:\/\/www.facebook.com\/AirPannonia\/\" target=\"_blank\" class=\" wd-social-icon social-facebook\" aria-label=\"Facebook social link\">\n\t\t\t\t\t\t<span class=\"wd-icon\"><\/span>\n\t\t\t\t\t\t\t\t\t\t\t<\/a>\n\t\t\t\t\n\t\t\t\t\n\t\t\t\t\n\t\t\t\t\t\t\t\t\t<a rel=\"noopener noreferrer nofollow\" href=\"https:\/\/www.instagram.com\/air_pannonia\" target=\"_blank\" class=\" wd-social-icon social-instagram\" aria-label=\"Instagram social link\">\n\t\t\t\t\t\t<span class=\"wd-icon\"><\/span>\n\t\t\t\t\t\t\t\t\t\t\t<\/a>\n\t\t\t\t\n\t\t\t\t\t\t\t\t\t<a rel=\"noopener noreferrer nofollow\" href=\"https:\/\/www.youtube.com\/c\/Air-pannoniaHr\" target=\"_blank\" class=\" wd-social-icon social-youtube\" aria-label=\"YouTube social link\">\n\t\t\t\t\t\t<span class=\"wd-icon\"><\/span>\n\t\t\t\t\t\t\t\t\t\t\t<\/a>\n\t\t\t\t\n\t\t\t\t\n\t\t\t\t\n\t\t\t\t\n\t\t\t\t\n\t\t\t\t\n\t\t\t\t\n\t\t\t\t\n\t\t\t\t\n\t\t\t\t\n\t\t\t\t\n\t\t\t\t\n\t\t\t\t\n\t\t\t\t\t\t\t\t\n\t\t\t\t\t\t\t\t\n\t\t\t\t\n\t\t\t\t\n\t\t\t\t\t\t\t\t\n\t\t\t\t\n\t\t\t<\/div>\n\n\t\t[\/vc_column_inner][\/vc_row_inner][\/vc_column][vc_column width=&#8221;4\/6&#8243;][vc_raw_html]JTNDaWZyYW1lJTIwc3JjJTNEJTIyaHR0cHMlM0ElMkYlMkZ3d3cuZ29vZ2xlLmNvbSUyRm1hcHMlMkZlbWJlZCUzRnBiJTNEJTIxMW0xOCUyMTFtMTIlMjExbTMlMjExZDI3OTQuNDM4ODk5NzQ1MTgxJTIxMmQxOC42NTE0NDgzMTU3Njg3NyUyMTNkNDUuNTQxNDk1NzM2MzAzMDYlMjEybTMlMjExZjAlMjEyZjAlMjEzZjAlMjEzbTIlMjExaTEwMjQlMjEyaTc2OCUyMTRmMTMuMSUyMTNtMyUyMTFtMiUyMTFzMHg0NzVjZTZmMGRkNzliNmQ1JTI1M0EweGIwODk2YTE3ZWQ4OGQ5NDIlMjEyc0FpciUyNTIwUGFubm9uaWElMjUyMEx0ZC4lMjE1ZTAlMjEzbTIlMjExc2VuJTIxMnNociUyMTR2MTY0NzQzODE2NTkwNSUyMTVtMiUyMTFzZW4lMjEyc2hyJTIyJTIwd2lkdGglM0QlMjI4MDAlMjIlMjBoZWlnaHQlM0QlMjI0MDAlMjIlMjBzdHlsZSUzRCUyMmJvcmRlciUzQTAlM0IlMjIlMjBhbGxvd2Z1bGxzY3JlZW4lM0QlMjIlMjIlMjBsb2FkaW5nJTNEJTIybGF6eSUyMiUzRSUzQyUyRmlmcmFtZSUzRQ==[\/vc_raw_html][\/vc_column][\/vc_row][vc_row row_type=&#8221;row&#8221; use_row_as_full_screen_section=&#8221;no&#8221; type=&#8221;grid&#8221; angled_section=&#8221;no&#8221; text_align=&#8221;left&#8221; background_image_as_pattern=&#8221;without_pattern&#8221;][vc_column][vc_separator type=&#8221;transparent&#8221; up=&#8221;20&#8243; down=&#8221;10&#8243;][vc_row_inner row_type=&#8221;row&#8221; type=&#8221;full_width&#8221; text_align=&#8221;left&#8221; css_animation=&#8221;&#8221;][vc_column_inner width=&#8221;1\/2&#8243;][vc_column_text woodmart_inline=&#8221;no&#8221; text_larger=&#8221;no&#8221;]<\/p>\n<h4 style=\"font-size: 22px;\"><strong>VIP, BUSINESS FLIGHTS AND MEDICAL TRANSPORT OF ORGANS<br \/>\n<\/strong><\/h4>\n<h4 style=\"margin-top: 25px; margin-bottom: 25px;\"><\/h4>\n<h4 style=\"margin-top: 25px; margin-bottom: 25px;\"><strong><span style=\"color: #000000;\">OPERATING AND SALES DEPARTMENT<\/span><\/strong><\/h4>\n<p>mobile: <a href=\"tel:+385 91 3506 580\">+385 91 3506 580<\/a><br \/>\ne-mail: <a href=\"mailto:operations@air-pannonia.hr\">operations@air-pannonia.hr<\/a><\/p>\n<p><strong>SALES AND MARKETING MANAGER<br \/>\n<\/strong><\/p>\n<p><strong>Zrinka Vla\u0161i\u0107<\/strong>, mobile: <a href=\"tel:+385981829163\">+385 98 182 9163<\/a><\/p>\n<p>e-mail: <a href=\"mailto:operations@air-pannonia.hr\">operations@air-pannonia.hr<\/a><br \/>\ne-mail: <a href=\"mailto:zrinka.vlasic@air-pannonia.hr\">zrinka.vlasic@air-pannonia.hr<\/a><\/p>\n<p style=\"margin-top: 15px;\"><strong>FLIGHT\/OPS MANAGER<\/strong><\/p>\n<p><strong>Cpt. Kre\u0161imir Vla\u0161i\u0107, <\/strong>mobile: <a href=\"tel:+385 99 351 8670\">+385 99 351 8670<br \/>\n<\/a>e-mail: <a href=\"mailto:kresimir.vlasic@air-pannonia.hr\">kresimir.vlasic@air-pannonia.hr<\/a><\/p>\n<p style=\"margin-top: 15px;\"><strong>CREW TRAINING MANAGER<\/strong><\/p>\n<p><strong>Cpt. TRI\/TRE Davor \u0160imek, <\/strong>mobile: <a href=\"tel:+385 91 2380 390\">+385 91 2380 390<br \/>\n<\/a>e-mail: <a href=\"mailto:davor.simek@air-pannonia.hr\">davor.simek@air-pannonia.hr<\/a><\/p>\n<p style=\"margin-top: 15px;\"><strong>AIRWORTHINESS DEPARTMENT<\/strong><\/p>\n<p><strong>Domagoj Aleri\u0107, <\/strong>mobile: <a href=\"tel:+385 91 2010 965\">+385 91 2010 965<br \/>\n<\/a>e-mail: <a href=\"mailto:domagoj.aleric@air-pannonia.hr\">domagoj.aleric@air-pannonia.hr<\/a><\/p>\n<p><strong>COMPLIANCE MONITORING AND SAFETY DEPARTMENT<br \/>\n<\/strong><\/p>\n<p><strong>Igor Mami\u0107, <\/strong>mobile: <a href=\"tel:+385 99 265 89 15\">+385 99 265 89 15<br \/>\n<\/a>e-mail: <a href=\"mailto:igor.mamic@air-pannonia.hr\">igor.mamic@air-pannonia.hr<\/a><\/p>\n<p><strong>AIRCRAFT MAINTENANCE DEPARTMENT: <\/strong><br \/>\n<a href=\"https:\/\/pannonia-aero-technics.hr\/\" target=\"_blank\" rel=\"noopener\">https:\/\/pannonia-aero-technics.hr\/<\/a><br \/>\n<strong>Domagoj Vla\u0161i\u0107, <\/strong>mobile: <a href=\"tel:+38598506588\">+385 98 506 588<br \/>\n<\/a>e-mail: <a href=\"mailto:info@pannonia-aero-technics.hr\">info@pannonia-aero-technics.hr<\/a>[\/vc_column_text][\/vc_column_inner][vc_column_inner width=&#8221;1\/2&#8243;][vc_column_text woodmart_inline=&#8221;no&#8221; text_larger=&#8221;no&#8221;]<\/p>\n<h4 style=\"font-size: 22px;\"><strong>FLIGHT CREW TRAINING<\/strong><\/h4>\n<h4><strong>PANNONIA PILOT SCHOOL<\/strong><\/h4>\n<p><strong>HEADQUARTER<\/strong><\/p>\n<p><strong>Kre\u0161imir Vla\u0161i\u0107, <\/strong>mobile: <a href=\"tel:+385 99 351 8670\">+385 99 351 8670<br \/>\n<\/a>e-mail: <a href=\"mailto:kresimir.vlasic@air-pannonia.hr\">kresimir.vlasic@air-pannonia.hr<br \/>\n<\/a><\/p>\n<h4 style=\"color: #000000;\"><strong>ENGLISH LANGUAGE PROFICIENCY TEST<br \/>\n<\/strong><\/h4>\n<p><strong>Zrinka Vla\u0161i\u0107, <\/strong>mobile: <a href=\"tel:+385 98 18 29 163\">+385 98 18 29 163<br \/>\n<\/a>e-mail:\u00a0<a href=\"mailto:zrinka.vlasic@air-pannonia.hr\" target=\"_blank\" rel=\"noopener\"><span class=\"il\">zrinka<\/span>.vlasic@air-pannonia.hr<\/a>[\/vc_column_text][\/vc_column_inner][\/vc_row_inner][\/vc_column][\/vc_row]<\/p>\n<\/div>","protected":false},"excerpt":{"rendered":"<p>[vc_row row_type=&#8221;row&#8221; use_row_as_full_screen_section=&#8221;no&#8221; type=&#8221;full_width&#8221; angled_section=&#8221;no&#8221; text_align=&#8221;left&#8221; background_image_as_pattern=&#8221;without_pattern&#8221;][vc_column width=&#8221;2\/6&#8243;][vc_column_text woodmart_inline=&#8221;no&#8221; text_larger=&#8221;no&#8221;] AIR PANNONIA D.O.O Ulica Jablanova 21 31000 Osijek OIB: 82047274303<\/p>\n","protected":false},"author":1,"featured_media":0,"parent":0,"menu_order":0,"comment_status":"open","ping_status":"closed","template":"","meta":{"_acf_changed":false,"footnotes":""},"class_list":["post-32706","page","type-page","status-publish","hentry"],"acf":[],"yoast_head":"<!-- This site is optimized with the Yoast SEO plugin v27.1.1 - https:\/\/yoast.com\/product\/yoast-seo-wordpress\/ -->\n<title>Contact - Air Pannonia<\/title>\n<meta name=\"robots\" content=\"index, follow, max-snippet:-1, max-image-preview:large, max-video-preview:-1\" \/>\n<link rel=\"canonical\" href=\"https:\/\/air-pannonia.hr\/en\/contact\/\" \/>\n<meta property=\"og:locale\" content=\"en_US\" \/>\n<meta property=\"og:type\" content=\"article\" \/>\n<meta property=\"og:title\" content=\"Contact - Air Pannonia\" \/>\n<meta property=\"og:description\" content=\"[vc_row row_type=&#8221;row&#8221; use_row_as_full_screen_section=&#8221;no&#8221; type=&#8221;full_width&#8221; angled_section=&#8221;no&#8221; text_align=&#8221;left&#8221; background_image_as_pattern=&#8221;without_pattern&#8221;][vc_column width=&#8221;2\/6&#8243;][vc_column_text woodmart_inline=&#8221;no&#8221; text_larger=&#8221;no&#8221;] AIR PANNONIA D.O.O Ulica Jablanova 21 31000 Osijek OIB: 82047274303\" \/>\n<meta property=\"og:url\" content=\"https:\/\/air-pannonia.hr\/en\/contact\/\" \/>\n<meta property=\"og:site_name\" content=\"Air Pannonia\" \/>\n<meta property=\"article:publisher\" content=\"https:\/\/www.facebook.com\/Air-Pannonia-1392654474390112\/\" \/>\n<meta property=\"article:modified_time\" content=\"2024-10-18T13:56:44+00:00\" \/>\n<meta property=\"og:image\" content=\"https:\/\/air-pannonia.hr\/wp-content\/uploads\/2017\/10\/air-pannonia-logo-new.png\" \/>\n\t<meta property=\"og:image:width\" content=\"337\" \/>\n\t<meta property=\"og:image:height\" content=\"100\" \/>\n\t<meta property=\"og:image:type\" content=\"image\/png\" \/>\n<meta name=\"twitter:card\" content=\"summary_large_image\" \/>\n<meta name=\"twitter:label1\" content=\"Est. reading time\" \/>\n\t<meta name=\"twitter:data1\" content=\"2 minutes\" \/>\n<script type=\"application\/ld+json\" class=\"yoast-schema-graph\">{\"@context\":\"https:\/\/schema.org\",\"@graph\":[{\"@type\":\"WebPage\",\"@id\":\"https:\/\/air-pannonia.hr\/en\/contact\/\",\"url\":\"https:\/\/air-pannonia.hr\/en\/contact\/\",\"name\":\"Contact - Air Pannonia\",\"isPartOf\":{\"@id\":\"https:\/\/air-pannonia.hr\/#website\"},\"datePublished\":\"2013-10-16T12:05:38+00:00\",\"dateModified\":\"2024-10-18T13:56:44+00:00\",\"breadcrumb\":{\"@id\":\"https:\/\/air-pannonia.hr\/en\/contact\/#breadcrumb\"},\"inLanguage\":\"en-US\",\"potentialAction\":[{\"@type\":\"ReadAction\",\"target\":[\"https:\/\/air-pannonia.hr\/en\/contact\/\"]}]},{\"@type\":\"BreadcrumbList\",\"@id\":\"https:\/\/air-pannonia.hr\/en\/contact\/#breadcrumb\",\"itemListElement\":[{\"@type\":\"ListItem\",\"position\":1,\"name\":\"Po\u010detna stranica\",\"item\":\"https:\/\/air-pannonia.hr\/en\/\"},{\"@type\":\"ListItem\",\"position\":2,\"name\":\"Contact\"}]},{\"@type\":\"WebSite\",\"@id\":\"https:\/\/air-pannonia.hr\/#website\",\"url\":\"https:\/\/air-pannonia.hr\/\",\"name\":\"Air Pannonia\",\"description\":\"Fast and safe VIP and medical transport\",\"publisher\":{\"@id\":\"https:\/\/air-pannonia.hr\/#organization\"},\"potentialAction\":[{\"@type\":\"SearchAction\",\"target\":{\"@type\":\"EntryPoint\",\"urlTemplate\":\"https:\/\/air-pannonia.hr\/?s={search_term_string}\"},\"query-input\":{\"@type\":\"PropertyValueSpecification\",\"valueRequired\":true,\"valueName\":\"search_term_string\"}}],\"inLanguage\":\"en-US\"},{\"@type\":\"Organization\",\"@id\":\"https:\/\/air-pannonia.hr\/#organization\",\"name\":\"Air Pannonia\",\"url\":\"https:\/\/air-pannonia.hr\/\",\"logo\":{\"@type\":\"ImageObject\",\"inLanguage\":\"en-US\",\"@id\":\"https:\/\/air-pannonia.hr\/#\/schema\/logo\/image\/\",\"url\":\"https:\/\/air-pannonia.hr\/wp-content\/uploads\/2022\/03\/logo-airpannonia-bez-pozadine.png\",\"contentUrl\":\"https:\/\/air-pannonia.hr\/wp-content\/uploads\/2022\/03\/logo-airpannonia-bez-pozadine.png\",\"width\":300,\"height\":130,\"caption\":\"Air Pannonia\"},\"image\":{\"@id\":\"https:\/\/air-pannonia.hr\/#\/schema\/logo\/image\/\"},\"sameAs\":[\"https:\/\/www.facebook.com\/Air-Pannonia-1392654474390112\/\",\"https:\/\/www.youtube.com\/channel\/UC9Lofwy7wbuhxRkGFLq39Fw\"]}]}<\/script>\n<!-- \/ Yoast SEO plugin. -->","yoast_head_json":{"title":"Contact - Air Pannonia","robots":{"index":"index","follow":"follow","max-snippet":"max-snippet:-1","max-image-preview":"max-image-preview:large","max-video-preview":"max-video-preview:-1"},"canonical":"https:\/\/air-pannonia.hr\/en\/contact\/","og_locale":"en_US","og_type":"article","og_title":"Contact - Air Pannonia","og_description":"[vc_row row_type=&#8221;row&#8221; use_row_as_full_screen_section=&#8221;no&#8221; type=&#8221;full_width&#8221; angled_section=&#8221;no&#8221; text_align=&#8221;left&#8221; background_image_as_pattern=&#8221;without_pattern&#8221;][vc_column width=&#8221;2\/6&#8243;][vc_column_text woodmart_inline=&#8221;no&#8221; text_larger=&#8221;no&#8221;] AIR PANNONIA D.O.O Ulica Jablanova 21 31000 Osijek OIB: 82047274303","og_url":"https:\/\/air-pannonia.hr\/en\/contact\/","og_site_name":"Air Pannonia","article_publisher":"https:\/\/www.facebook.com\/Air-Pannonia-1392654474390112\/","article_modified_time":"2024-10-18T13:56:44+00:00","og_image":[{"width":337,"height":100,"url":"https:\/\/air-pannonia.hr\/wp-content\/uploads\/2017\/10\/air-pannonia-logo-new.png","type":"image\/png"}],"twitter_card":"summary_large_image","twitter_misc":{"Est. reading time":"2 minutes"},"schema":{"@context":"https:\/\/schema.org","@graph":[{"@type":"WebPage","@id":"https:\/\/air-pannonia.hr\/en\/contact\/","url":"https:\/\/air-pannonia.hr\/en\/contact\/","name":"Contact - Air Pannonia","isPartOf":{"@id":"https:\/\/air-pannonia.hr\/#website"},"datePublished":"2013-10-16T12:05:38+00:00","dateModified":"2024-10-18T13:56:44+00:00","breadcrumb":{"@id":"https:\/\/air-pannonia.hr\/en\/contact\/#breadcrumb"},"inLanguage":"en-US","potentialAction":[{"@type":"ReadAction","target":["https:\/\/air-pannonia.hr\/en\/contact\/"]}]},{"@type":"BreadcrumbList","@id":"https:\/\/air-pannonia.hr\/en\/contact\/#breadcrumb","itemListElement":[{"@type":"ListItem","position":1,"name":"Po\u010detna stranica","item":"https:\/\/air-pannonia.hr\/en\/"},{"@type":"ListItem","position":2,"name":"Contact"}]},{"@type":"WebSite","@id":"https:\/\/air-pannonia.hr\/#website","url":"https:\/\/air-pannonia.hr\/","name":"Air Pannonia","description":"Fast and safe VIP and medical transport","publisher":{"@id":"https:\/\/air-pannonia.hr\/#organization"},"potentialAction":[{"@type":"SearchAction","target":{"@type":"EntryPoint","urlTemplate":"https:\/\/air-pannonia.hr\/?s={search_term_string}"},"query-input":{"@type":"PropertyValueSpecification","valueRequired":true,"valueName":"search_term_string"}}],"inLanguage":"en-US"},{"@type":"Organization","@id":"https:\/\/air-pannonia.hr\/#organization","name":"Air Pannonia","url":"https:\/\/air-pannonia.hr\/","logo":{"@type":"ImageObject","inLanguage":"en-US","@id":"https:\/\/air-pannonia.hr\/#\/schema\/logo\/image\/","url":"https:\/\/air-pannonia.hr\/wp-content\/uploads\/2022\/03\/logo-airpannonia-bez-pozadine.png","contentUrl":"https:\/\/air-pannonia.hr\/wp-content\/uploads\/2022\/03\/logo-airpannonia-bez-pozadine.png","width":300,"height":130,"caption":"Air Pannonia"},"image":{"@id":"https:\/\/air-pannonia.hr\/#\/schema\/logo\/image\/"},"sameAs":["https:\/\/www.facebook.com\/Air-Pannonia-1392654474390112\/","https:\/\/www.youtube.com\/channel\/UC9Lofwy7wbuhxRkGFLq39Fw"]}]}},"_links":{"self":[{"href":"https:\/\/air-pannonia.hr\/en\/wp-json\/wp\/v2\/pages\/32706","targetHints":{"allow":["GET"]}}],"collection":[{"href":"https:\/\/air-pannonia.hr\/en\/wp-json\/wp\/v2\/pages"}],"about":[{"href":"https:\/\/air-pannonia.hr\/en\/wp-json\/wp\/v2\/types\/page"}],"author":[{"embeddable":true,"href":"https:\/\/air-pannonia.hr\/en\/wp-json\/wp\/v2\/users\/1"}],"replies":[{"embeddable":true,"href":"https:\/\/air-pannonia.hr\/en\/wp-json\/wp\/v2\/comments?post=32706"}],"version-history":[{"count":4,"href":"https:\/\/air-pannonia.hr\/en\/wp-json\/wp\/v2\/pages\/32706\/revisions"}],"predecessor-version":[{"id":36897,"href":"https:\/\/air-pannonia.hr\/en\/wp-json\/wp\/v2\/pages\/32706\/revisions\/36897"}],"wp:attachment":[{"href":"https:\/\/air-pannonia.hr\/en\/wp-json\/wp\/v2\/media?parent=32706"}],"curies":[{"name":"wp","href":"https:\/\/api.w.org\/{rel}","templated":true}]}}